{"id":26,"date":"2011-11-15T21:03:51","date_gmt":"2011-11-15T21:03:51","guid":{"rendered":"http:\/\/app.tugraz.at\/?page_id=26"},"modified":"2017-09-19T14:18:43","modified_gmt":"2017-09-19T13:18:43","slug":"about","status":"publish","type":"page","link":"https:\/\/learninglab.tugraz.at\/app\/?page_id=26","title":{"rendered":"About"},"content":{"rendered":"<h3>Team<\/h3>\n<p>Hier stellt sich das Team rund um <a title=\"Apps @ TU-Graz\" href=\"http:\/\/app.tugraz.at\/\">Apps @ TU Graz<\/a> vor. Die Forschungsarbeiten finden an der <a href=\"http:\/\/www.tugraz.at\" target=\"_blank\" rel=\"noopener\">TU Graz<\/a> am <a href=\"https:\/\/www.tugraz.at\/institute\/isds\/home\/\" target=\"_blank\" rel=\"noopener\">Institut of Interactive Systems and Data Science<\/a>\u00a0statt in enger Zusammenarbeit mit der <a href=\"http:\/\/elearning.tugraz.at\" target=\"_blank\" rel=\"noopener\"><span style=\"color: #ff0000;\">Abteilung\u00a0Lehr -und Lerntechnologien<\/span><\/a>. Unsere Kooperationspartner sind die Abteilungen <a href=\"https:\/\/businesssolutions.tugraz.at\/blog\/\" target=\"_blank\" rel=\"noopener\">Business Solution<\/a> und <a href=\"http:\/\/portal.tugraz.at\/portal\/page\/portal\/TU_Graz\/Studium_Lehre\/Life_Long_Learning\" target=\"_blank\" rel=\"noopener\">LifeLongLearning<\/a>, sowie die <a href=\"http:\/\/ortweinschule.at\" target=\"_blank\" rel=\"noopener\">HTBLVA f\u00fcr Kunst und Design<\/a> (Ortweinschule) in Graz.<br \/>\nDie dahinter liegenden K\u00f6pfe sind viele, denn die Apps werden zu 100% von Studierenden der <a href=\"http:\/\/tugraz.at\" target=\"_blank\" rel=\"noopener\">Technischen Universit\u00e4t Graz<\/a> erstellt im Rahmen von Abschlussarbeiten und (Forschungs-)Projekten. Leitend verantwortlich sind aber folgende K\u00f6pfe:<\/p>\n<hr \/>\n<p><a href=\"https:\/\/app.tugraz.at\/wp-content\/uploads\/2011\/11\/martin_ebner.jpg\"><img loading=\"lazy\" class=\"alignleft wp-image-160\" title=\"Martin Ebner\" src=\"https:\/\/learninglab.tugraz.at\/app\/wp-content\/uploads\/2011\/11\/martin_ebner.jpg\" alt=\"Martin Ebner\" width=\"120\" height=\"170\" \/><\/a><strong>Name:<\/strong> Martin Ebner, Dipl.-Ing. Dr.techn. Univ.-Doz.<br \/>\n<strong>Rolle:<\/strong> Projektleitung und Lehrveranstaltungsbeauftragter<\/p>\n<p>Unter meiner Leitung arbeiten wir seit Jahren an mobilen Applikationen. Die meisten kommen direkt aus meinen Forschungsfeldern, die mehr oder weniger den gro\u00dfen Bereich E-Learning betreffen. Unglaublich spannend, welche tolle Leistungen von unseren Studierenden erbracht werden.<\/p>\n<hr \/>\n<p><img loading=\"lazy\" class=\"alignleft wp-image-160\" title=\"Behnam Taraghi\" src=\"https:\/\/online.tugraz.at\/tug_online\/visitenkarte.showImage?pPersonenGruppe=3&amp;pPersonenId=6FA08A7A03C2AB8E\" alt=\"Behnam Taraghi\" width=\"120\" height=\"170\" \/><strong>Name:<\/strong> Behnam Taraghi, Dipl.-Ing.<br \/>\n<strong>Rolle:<\/strong> Projektleitung und Lehrveranstaltungsbeauftragter<\/p>\n<p>Im Rahmen meiner beruflichen T\u00e4tigkeiten besch\u00e4ftige ich mich u. a. mit mobilen Applikationen. Es ist sehr spannend die neuen Technologien auszuprobieren und f\u00fcrs Lehren und Lernen einzusetzen. Zusammen mit unseren Studierenden versuchen wir die Grenzen dieser Technologien zu entdecken.<\/p>\n<hr \/>\n<!-- AddThis Advanced Settings generic via filter on the_content --><!-- AddThis Share Buttons generic via filter on the_content -->","protected":false},"excerpt":{"rendered":"<p>Team Hier stellt sich das Team rund um Apps @ TU Graz vor. Die Forschungsarbeiten finden an der TU Graz am Institut of Interactive Systems and Data Science\u00a0statt in enger Zusammenarbeit mit der Abteilung\u00a0Lehr -und Lerntechnologien. Unsere Kooperationspartner sind die Abteilungen Business Solution und LifeLongLearning, sowie die HTBLVA f\u00fcr Kunst und Design (Ortweinschule) in Graz. &hellip; <a href=\"https:\/\/learninglab.tugraz.at\/app\/?page_id=26\" class=\"more-link\"><span class=\"screen-reader-text\">About<\/span> weiterlesen <span class=\"meta-nav\">&rarr;<\/span><\/a><!-- AddThis Advanced Settings generic via filter on get_the_excerpt --><!-- AddThis Share Buttons generic via filter on get_the_excerpt --><\/p>\n","protected":false},"author":1,"featured_media":0,"parent":0,"menu_order":0,"comment_status":"closed","ping_status":"closed","template":"","meta":[],"_links":{"self":[{"href":"https:\/\/learninglab.tugraz.at\/app\/index.php?rest_route=\/wp\/v2\/pages\/26"}],"collection":[{"href":"https:\/\/learninglab.tugraz.at\/app\/index.php?rest_route=\/wp\/v2\/pages"}],"about":[{"href":"https:\/\/learninglab.tugraz.at\/app\/index.php?rest_route=\/wp\/v2\/types\/page"}],"author":[{"embeddable":true,"href":"https:\/\/learninglab.tugraz.at\/app\/index.php?rest_route=\/wp\/v2\/users\/1"}],"replies":[{"embeddable":true,"href":"https:\/\/learninglab.tugraz.at\/app\/index.php?rest_route=%2Fwp%2Fv2%2Fcomments&post=26"}],"version-history":[{"count":67,"href":"https:\/\/learninglab.tugraz.at\/app\/index.php?rest_route=\/wp\/v2\/pages\/26\/revisions"}],"predecessor-version":[{"id":814,"href":"https:\/\/learninglab.tugraz.at\/app\/index.php?rest_route=\/wp\/v2\/pages\/26\/revisions\/814"}],"wp:attachment":[{"href":"https:\/\/learninglab.tugraz.at\/app\/index.php?rest_route=%2Fwp%2Fv2%2Fmedia&parent=26"}],"curies":[{"name":"wp","href":"https:\/\/api.w.org\/{rel}","templated":true}]}}