{"id":3645,"date":"2020-01-15T11:55:19","date_gmt":"2020-01-15T10:55:19","guid":{"rendered":"https:\/\/learninglab.tugraz.at\/informatischegrundbildung\/?page_id=3645"},"modified":"2020-01-15T14:05:39","modified_gmt":"2020-01-15T13:05:39","slug":"der-bbc-microbit-im-englischunterricht","status":"publish","type":"page","link":"https:\/\/learninglab.tugraz.at\/informatischegrundbildung\/der-bbc-microbit-im-englischunterricht\/","title":{"rendered":"Der BBC micro:bit im Englischunterricht"},"content":{"rendered":"\n<p>In seiner Diplomarbeit  <em>Teaching Digital Literacy with the BBC micro:bit in the EFL Classroom<\/em>  thematisiert <em>Daniel Wachmann<\/em> den f\u00e4cherintegrativen Einsatz des BBC micro:bit im Englischunterricht an \u00d6sterreichs Schulen ab der 8. Schulstufe. Dabei geht es im Speziellen um die Umsetzung des Lehrplans der verbindlichen \u00dcbung &#8222;Digitale Grundbildung&#8220; im Fremdsprachenunterricht.   <\/p>\n\n\n\n<p>Entwickelt wurde eine <strong>Unterrichtssequenz<\/strong> (Unit) mit dem Titel <em><strong>New Technologies<\/strong><\/em>, die <strong>12 Unterrichtseinheiten <\/strong>(Sessions) zu je 50 Minuten umfassen soll. Die einzelnen Sessions besch\u00e4ftigen sich mit den folgenden Themenbereichen:<br><\/p>\n\n\n\n<table class=\"wp-block-table aligncenter\"><tbody><tr><td>Session                              <\/td><td>Content<\/td><td>Goals <br><em>The students know<\/em><\/td><\/tr><tr><td>1<\/td><td><strong>Introducation to New Technologies<\/strong><\/td><td><em>\u2026what programming means and why it is necessary.<br> \u2026how to create and run programs with the BBC micro:bit.<\/em><\/td><\/tr><tr><td>2<\/td><td><strong>Early Programming: Crash Course <\/strong><\/td><td><em>\u2026basic programming concepts.<br> \u2026understand how the micro:bit integrates these basics.<\/em><\/td><\/tr><tr><td>3\/4<\/td><td><strong>The Internet of Things<\/strong><\/td><td><em>\u2026what The Internet of Things means and how the BBC micro:bit is related to this concept.<br> \u2026how to create programs with the micro:bit to solve simple problems.<\/em><\/td><\/tr><tr><td>5\/6<\/td><td><strong>Digital Communication<\/strong><\/td><td><em>\u2026various forms of digital communication and how they are embedded in everyday life.<\/em><\/td><\/tr><tr><td>7\/8<\/td><td><strong>Information Security<\/strong><\/td><td><em>\u2026about the principles of information security and understand simple forms of cryptography.<\/em><\/td><\/tr><tr><td>9\/10<\/td><td><strong>Green Technology<\/strong><\/td><td><em> \u2026how technology can be used to save energy and achieve a positive impact on the environment. <\/em><\/td><\/tr><tr><td>11\/12<\/td><td><strong>Independent Project<\/strong><\/td><td><em>\u2026how to use the BBC micro:bit to create their own video games.<\/em><\/td><\/tr><\/tbody><\/table>\n\n\n\n<p> \u00dcbersicht der entwickelten Sessions der Unit <em>New Technologies<\/em>, Auszug aus dem entwickeltem  <em>Teacher Booklet<\/em>, S. 6<\/p>\n\n\n\n<p>Entwickelt wurde ein sogenanntes <strong>Teacher Booklet<\/strong> und ein separates <strong>Student Booklet.<\/strong> <\/p>\n\n\n\n<p>Das <strong>Teacher Booklet<\/strong> dient der Lehrperson als roter Faden und erkl\u00e4rt ausf\u00fchrlich, wie die gesamte Unit aufgebaut ist. Es beinhaltet eine detailierte Verlaufsplanung f\u00fcr jede Session. <\/p>\n\n\n\n<p>Das <strong>Student Booklet<\/strong> dient den Sch\u00fclerinnen und Sch\u00fclern als &#8222;Schulbuch&#8220; und beinhaltet Informationstexte und Arbeitsanweisungen. Die \u00dcbungen zielen einerseits auf den sprachlichen Kompetenzerwerb und andererseits auf die Umsetzung eines Programmes im Zusammenhang mit dem BBC micro:bit ab. <\/p>\n\n\n\n<h2 class=\"wp-block-heading\">Materialien zum Download<\/h2>\n\n\n\n<div class=\"wp-block-image\"><figure class=\"alignright is-resized\"><img loading=\"lazy\" decoding=\"async\" src=\"https:\/\/learninglab.tugraz.at\/informatischegrundbildung\/wp-content\/uploads\/2020\/01\/titel.jpg\" alt=\"\" class=\"wp-image-3678\" width=\"224\" height=\"346\" srcset=\"https:\/\/learninglab.tugraz.at\/informatischegrundbildung\/wp-content\/uploads\/2020\/01\/titel.jpg 590w, https:\/\/learninglab.tugraz.at\/informatischegrundbildung\/wp-content\/uploads\/2020\/01\/titel-194x300.jpg 194w\" sizes=\"auto, (max-width: 224px) 85vw, 224px\" \/><figcaption>New Technologies &#8211; Student Booklet <\/figcaption><\/figure><\/div>\n\n\n\n<p>Die Materialien sind offen lizenziert (Siehe Lizenzhinweis auf Seite 2, <a href=\"https:\/\/creativecommons.org\/licenses\/by-sa\/4.0\/\">https:\/\/creativecommons.org\/licenses\/by-sa\/4.0\/<\/a>) und stehen hier zum kostenlosen Download zur Verf\u00fcgung:<\/p>\n\n\n\n<p><strong>Student Booklet:<\/strong> <a rel=\"noreferrer noopener\" aria-label=\"https:\/\/learninglab.tugraz.at\/informatischegrundbildung\/wp-content\/uploads\/2020\/01\/student_booklet_new_technologies.pdf (\u00f6ffnet in neuem Tab)\" href=\"https:\/\/learninglab.tugraz.at\/informatischegrundbildung\/wp-content\/uploads\/2020\/01\/student_booklet_new_technologies.pdf\" target=\"_blank\">student_booklet_new_technologies.pdf<\/a><\/p>\n\n\n\n<p><strong>Teacher Booklet:<\/strong> <a rel=\"noreferrer noopener\" aria-label=\"https:\/\/learninglab.tugraz.at\/informatischegrundbildung\/wp-content\/uploads\/2020\/01\/teacher_booklet_new_technologies-1.pdf (\u00f6ffnet in neuem Tab)\" href=\"https:\/\/learninglab.tugraz.at\/informatischegrundbildung\/wp-content\/uploads\/2020\/01\/teacher_booklet_new_technologies-1.pdf\" target=\"_blank\">teacher_booklet_new_technologies.pdf<\/a><\/p>\n","protected":false},"excerpt":{"rendered":"<p>In seiner Diplomarbeit Teaching Digital Literacy with the BBC micro:bit in the EFL Classroom thematisiert Daniel Wachmann den f\u00e4cherintegrativen Einsatz des BBC micro:bit im Englischunterricht an \u00d6sterreichs Schulen ab der 8. Schulstufe. Dabei geht es im Speziellen um die Umsetzung des Lehrplans der verbindlichen \u00dcbung &#8222;Digitale Grundbildung&#8220; im Fremdsprachenunterricht. Entwickelt wurde eine Unterrichtssequenz (Unit) mit &hellip; <a href=\"https:\/\/learninglab.tugraz.at\/informatischegrundbildung\/der-bbc-microbit-im-englischunterricht\/\" class=\"more-link\"><span class=\"screen-reader-text\">\u201eDer BBC micro:bit im Englischunterricht\u201c<\/span> weiterlesen<\/a><\/p>\n","protected":false},"author":1,"featured_media":0,"parent":0,"menu_order":0,"comment_status":"closed","ping_status":"closed","template":"","meta":{"footnotes":""},"class_list":["post-3645","page","type-page","status-publish","hentry"],"_links":{"self":[{"href":"https:\/\/learninglab.tugraz.at\/informatischegrundbildung\/wp-json\/wp\/v2\/pages\/3645","targetHints":{"allow":["GET"]}}],"collection":[{"href":"https:\/\/learninglab.tugraz.at\/informatischegrundbildung\/wp-json\/wp\/v2\/pages"}],"about":[{"href":"https:\/\/learninglab.tugraz.at\/informatischegrundbildung\/wp-json\/wp\/v2\/types\/page"}],"author":[{"embeddable":true,"href":"https:\/\/learninglab.tugraz.at\/informatischegrundbildung\/wp-json\/wp\/v2\/users\/1"}],"replies":[{"embeddable":true,"href":"https:\/\/learninglab.tugraz.at\/informatischegrundbildung\/wp-json\/wp\/v2\/comments?post=3645"}],"version-history":[{"count":31,"href":"https:\/\/learninglab.tugraz.at\/informatischegrundbildung\/wp-json\/wp\/v2\/pages\/3645\/revisions"}],"predecessor-version":[{"id":3680,"href":"https:\/\/learninglab.tugraz.at\/informatischegrundbildung\/wp-json\/wp\/v2\/pages\/3645\/revisions\/3680"}],"wp:attachment":[{"href":"https:\/\/learninglab.tugraz.at\/informatischegrundbildung\/wp-json\/wp\/v2\/media?parent=3645"}],"curies":[{"name":"wp","href":"https:\/\/api.w.org\/{rel}","templated":true}]}}