{"id":370,"date":"2017-09-08T12:24:36","date_gmt":"2017-09-08T10:24:36","guid":{"rendered":"https:\/\/learninglab.tugraz.at\/informatischegrundbildung\/?page_id=370"},"modified":"2019-03-06T14:21:43","modified_gmt":"2019-03-06T13:21:43","slug":"digitale-grundbildung","status":"publish","type":"page","link":"https:\/\/learninglab.tugraz.at\/informatischegrundbildung\/oer-schulbuch\/digitale-grundbildung\/","title":{"rendered":"Digitale Grundbildung"},"content":{"rendered":"<h3>Offene Lehr- und Lernmaterialien f\u00fcr die verbindliche \u00dcbung &#8222;Digitale Grundbildung&#8220;<\/h3>\n<h1><img loading=\"lazy\" decoding=\"async\" class=\"alignnone wp-image-372\" src=\"https:\/\/learninglab.tugraz.at\/informatischegrundbildung\/wp-content\/uploads\/2017\/09\/robot-300x297.png\" alt=\"\" width=\"165\" height=\"163\" srcset=\"https:\/\/learninglab.tugraz.at\/informatischegrundbildung\/wp-content\/uploads\/2017\/09\/robot-300x297.png 300w, https:\/\/learninglab.tugraz.at\/informatischegrundbildung\/wp-content\/uploads\/2017\/09\/robot-768x761.png 768w, https:\/\/learninglab.tugraz.at\/informatischegrundbildung\/wp-content\/uploads\/2017\/09\/robot-1024x1014.png 1024w, https:\/\/learninglab.tugraz.at\/informatischegrundbildung\/wp-content\/uploads\/2017\/09\/robot-1200x1189.png 1200w, https:\/\/learninglab.tugraz.at\/informatischegrundbildung\/wp-content\/uploads\/2017\/09\/robot.png 1920w\" sizes=\"auto, (max-width: 165px) 85vw, 165px\" \/><\/h1>\n<p>Zur F\u00f6rderung informatischer Bildung stellt die Technische Universit\u00e4t Graz frei lizenzierte Lehr- und Lernunterlagen zur Verf\u00fcgung. Die Einf\u00fchrung der <span style=\"color: #339966;\"><strong>verbindlichen \u00dcbung &#8222;digitale Grundbildung&#8220; in der Sekundarstufe 1<\/strong><\/span> (NMS und AHS) bildet einen wichtigen Schritt, um die Informatik st\u00e4rker in den Schulen zu verankern. Ein Schritt, der in den n\u00e4chsten Jahren noch weiter an Bedeutung gewinnen wird.<\/p>\n<p>Die Lehr- und Lernmaterialien dienen dazu, Lehrer\/innen bei der Umsetzung der verbindlichen \u00dcbung zu unterst\u00fctzen. Die Materialien wurden sowohl von Studierenden des Unterrichtsfaches Informatik und Informatikmanagement, unter der Betreuung von wissenschaftlichen Mitarbeiter(n)\/innen, als auch vom wissenschaftlichem Personal selbst erstellt.<\/p>\n<p>Momentan stehen Inhalte zu den folgenden Themen zur Verf\u00fcgung:<\/p>\n<p>F\u00e4cherintegrativer\/F\u00e4cher\u00fcbergreifender Einsatz von<br \/>\n&#8211; BBC micro:bit<br \/>\n&#8211; Calliope mini<br \/>\n&#8211; Ozobot<br \/>\n&#8211; Pocket Code<\/p>\n<p>F\u00fcr Fragen oder Anmerkungen wenden Sie sich bitte an Frau Mag. Maria Grandl: maria.grandl(at)tugraz.at<\/p>\n<p>Zur Visitenkarte:<br \/>\n<a href=\"https:\/\/online.tugraz.at\/tug_online\/visitenkarte.show_vcard?pPersonenId=38C7E8F9CDEA7883&amp;pPersonenGruppe=3\">https:\/\/online.tugraz.at\/tug_online\/visitenkarte<\/a><\/p>\n","protected":false},"excerpt":{"rendered":"<p>Offene Lehr- und Lernmaterialien f\u00fcr die verbindliche \u00dcbung &#8222;Digitale Grundbildung&#8220; Zur F\u00f6rderung informatischer Bildung stellt die Technische Universit\u00e4t Graz frei lizenzierte Lehr- und Lernunterlagen zur Verf\u00fcgung. Die Einf\u00fchrung der verbindlichen \u00dcbung &#8222;digitale Grundbildung&#8220; in der Sekundarstufe 1 (NMS und AHS) bildet einen wichtigen Schritt, um die Informatik st\u00e4rker in den Schulen zu verankern. Ein Schritt, &hellip; <a href=\"https:\/\/learninglab.tugraz.at\/informatischegrundbildung\/oer-schulbuch\/digitale-grundbildung\/\" class=\"more-link\"><span class=\"screen-reader-text\">\u201eDigitale Grundbildung\u201c<\/span> weiterlesen<\/a><\/p>\n","protected":false},"author":1,"featured_media":0,"parent":92,"menu_order":0,"comment_status":"closed","ping_status":"closed","template":"","meta":{"footnotes":""},"class_list":["post-370","page","type-page","status-publish","hentry"],"_links":{"self":[{"href":"https:\/\/learninglab.tugraz.at\/informatischegrundbildung\/wp-json\/wp\/v2\/pages\/370","targetHints":{"allow":["GET"]}}],"collection":[{"href":"https:\/\/learninglab.tugraz.at\/informatischegrundbildung\/wp-json\/wp\/v2\/pages"}],"about":[{"href":"https:\/\/learninglab.tugraz.at\/informatischegrundbildung\/wp-json\/wp\/v2\/types\/page"}],"author":[{"embeddable":true,"href":"https:\/\/learninglab.tugraz.at\/informatischegrundbildung\/wp-json\/wp\/v2\/users\/1"}],"replies":[{"embeddable":true,"href":"https:\/\/learninglab.tugraz.at\/informatischegrundbildung\/wp-json\/wp\/v2\/comments?post=370"}],"version-history":[{"count":9,"href":"https:\/\/learninglab.tugraz.at\/informatischegrundbildung\/wp-json\/wp\/v2\/pages\/370\/revisions"}],"predecessor-version":[{"id":2096,"href":"https:\/\/learninglab.tugraz.at\/informatischegrundbildung\/wp-json\/wp\/v2\/pages\/370\/revisions\/2096"}],"up":[{"embeddable":true,"href":"https:\/\/learninglab.tugraz.at\/informatischegrundbildung\/wp-json\/wp\/v2\/pages\/92"}],"wp:attachment":[{"href":"https:\/\/learninglab.tugraz.at\/informatischegrundbildung\/wp-json\/wp\/v2\/media?parent=370"}],"curies":[{"name":"wp","href":"https:\/\/api.w.org\/{rel}","templated":true}]}}