{"id":3732,"date":"2020-04-23T14:06:56","date_gmt":"2020-04-23T12:06:56","guid":{"rendered":"https:\/\/learninglab.tugraz.at\/informatischegrundbildung\/?page_id=3732"},"modified":"2020-04-23T14:08:48","modified_gmt":"2020-04-23T12:08:48","slug":"materialsammlung","status":"publish","type":"page","link":"https:\/\/learninglab.tugraz.at\/informatischegrundbildung\/makerdays\/materialsammlung\/","title":{"rendered":"Materialsammlung"},"content":{"rendered":"\n<p>Hier wollen wir die bei den MAKER DAYS verwendeten Lehr- und Lernunterlagen mit euch\/mit Ihnen teilen. <br><br>Zudem sind wir gerade dabei, DIY-Anleitungen zu einigen Produkten, die w\u00e4hrend der MAKER DAYS enstanden sind, zu verfassen. Diese werden dann in den n\u00e4chsten Monaten hier ver\u00f6ffentlicht.  <\/p>\n\n\n\n<h3 class=\"wp-block-heading\">hAPPy-Lab<\/h3>\n\n\n\n<figure class=\"wp-block-image size-large is-resized\"><img loading=\"lazy\" decoding=\"async\" src=\"https:\/\/learninglab.tugraz.at\/informatischegrundbildung\/wp-content\/uploads\/2020\/04\/DSCF3789-1024x683.jpg\" alt=\"\" class=\"wp-image-3735\" width=\"509\" height=\"339\" srcset=\"https:\/\/learninglab.tugraz.at\/informatischegrundbildung\/wp-content\/uploads\/2020\/04\/DSCF3789-1024x683.jpg 1024w, https:\/\/learninglab.tugraz.at\/informatischegrundbildung\/wp-content\/uploads\/2020\/04\/DSCF3789-300x200.jpg 300w, https:\/\/learninglab.tugraz.at\/informatischegrundbildung\/wp-content\/uploads\/2020\/04\/DSCF3789-768x512.jpg 768w, https:\/\/learninglab.tugraz.at\/informatischegrundbildung\/wp-content\/uploads\/2020\/04\/DSCF3789-1536x1024.jpg 1536w, https:\/\/learninglab.tugraz.at\/informatischegrundbildung\/wp-content\/uploads\/2020\/04\/DSCF3789-2048x1365.jpg 2048w, https:\/\/learninglab.tugraz.at\/informatischegrundbildung\/wp-content\/uploads\/2020\/04\/DSCF3789-1200x800.jpg 1200w\" sizes=\"auto, (max-width: 509px) 85vw, 509px\" \/><figcaption>Im hAPPy-Lab wurde mit der App Pocket Code gearbeitet. <\/figcaption><\/figure>\n\n\n\n<p><strong>Stationenbetrieb<\/strong><br><br>Prim\u00e4res Ziel des hAPPy-Lab war es, die wichtigsten Grundlagen der (objektorientierten) Programmierung auf spielerische Weise zu vermitteln. Als Entwicklungsumgebung diente die App <a rel=\"noreferrer noopener\" href=\"https:\/\/catrobatblog.wordpress.com\/\" target=\"_blank\">Pocket Code<\/a> , welche an der TU Graz entwickelt wurde und weltweit eingesetzt wird. Unter der Leitung von <a rel=\"noreferrer noopener\" href=\"https:\/\/bernadette-spieler.com\/\" target=\"_blank\">Bernadette Spieler<\/a> wurde ein Konzept sowie passende Lehr- und Lernunterlagen f\u00fcr einen Stationenbetrieb mit f\u00fcnf &#8222;Stationen&#8220; erstellt. <\/p>\n\n\n\n<p>Die Stationen bauen aufeinander auf. Bei der ersten Station wird eine neue &#8222;leere&#8220; App erstellt, die dann pro Station um eine neue Funktionalit\u00e4t erweitert wird. F\u00fcr jede Station gibt es eine Aufgabenstellung (station_x_aufgabe.pdf), die von den Sch\u00fclerInnen m\u00f6glichst selbstst\u00e4ndig mit Pocket Code umgesetzt werden soll. Als Hilfe dient ein Wissensblatt (station_x_basiswissen.pdf), welches Informationen zu den notwendigen Befehlen und Konzepten enth\u00e4lt. <\/p>\n\n\n\n<p>Um den (logischen) Programmablauf besser zu verstehen und neue Befehle schneller kennen zu lernen, wurden die zur L\u00f6sung der Aufgabenstellung notwendigen Befehlsbausteine (station_x_bausteine.pdf) als Ausdruck zur Verf\u00fcgung gestellt. Jeder Befehlsbaustein wurde zudem foliert. Auf diese Weise hatten die Sch\u00fclerInnen die M\u00f6glichkeit, die Reihenfolge der Befehle (f\u00fcr ein bestimmtes Objekt) am Tisch aufzulegen und \u00fcber die Programmstruktur zu diskutieren. Hier wurde auch f\u00fcr jedes Objekt eine Druckvorlage f\u00fcr den Skriptbereich erstellt.<\/p>\n\n\n\n<figure class=\"wp-block-image size-large is-resized\"><img loading=\"lazy\" decoding=\"async\" src=\"https:\/\/learninglab.tugraz.at\/informatischegrundbildung\/wp-content\/uploads\/2020\/04\/DSCF3793-1024x683.jpg\" alt=\"\" class=\"wp-image-3783\" width=\"551\" height=\"367\" srcset=\"https:\/\/learninglab.tugraz.at\/informatischegrundbildung\/wp-content\/uploads\/2020\/04\/DSCF3793-1024x683.jpg 1024w, https:\/\/learninglab.tugraz.at\/informatischegrundbildung\/wp-content\/uploads\/2020\/04\/DSCF3793-300x200.jpg 300w, https:\/\/learninglab.tugraz.at\/informatischegrundbildung\/wp-content\/uploads\/2020\/04\/DSCF3793-768x512.jpg 768w, https:\/\/learninglab.tugraz.at\/informatischegrundbildung\/wp-content\/uploads\/2020\/04\/DSCF3793-1536x1024.jpg 1536w, https:\/\/learninglab.tugraz.at\/informatischegrundbildung\/wp-content\/uploads\/2020\/04\/DSCF3793-2048x1365.jpg 2048w, https:\/\/learninglab.tugraz.at\/informatischegrundbildung\/wp-content\/uploads\/2020\/04\/DSCF3793-1200x800.jpg 1200w\" sizes=\"auto, (max-width: 551px) 85vw, 551px\" \/><figcaption>Stationenbetrieb: Bevor am Smartphone programmiert wurde, wurde das Programm am Tisch mit den ausgedruckten Befehlsbl\u00f6cken &#8222;aufgelegt&#8220;. <\/figcaption><\/figure>\n\n\n\n<p>Wurden alle Stationen besucht und alle Aufgabenstellungen absolviert, so konnte noch eine Zusatzaufgabe (Cookie-Clicker-App) gel\u00f6st werden oder mit der Entwicklung einer eigenen App begonnen werden.<\/p>\n\n\n\n<p><strong>Alle Materialien zum Download<\/strong><\/p>\n\n\n\n<p><strong>Lizenz<\/strong><br>Alle Lehr- und Lernunterlagen im Zusammenhang mit dem hAPPy-Lab sind unter der folgenden Lizenz ver\u00f6ffentlicht: <\/p>\n\n\n\n<figure class=\"wp-block-image size-large is-resized\"><img loading=\"lazy\" decoding=\"async\" src=\"https:\/\/learninglab.tugraz.at\/informatischegrundbildung\/wp-content\/uploads\/2018\/07\/by.png\" alt=\"\" class=\"wp-image-744\" width=\"145\" height=\"51\" srcset=\"https:\/\/learninglab.tugraz.at\/informatischegrundbildung\/wp-content\/uploads\/2018\/07\/by.png 403w, https:\/\/learninglab.tugraz.at\/informatischegrundbildung\/wp-content\/uploads\/2018\/07\/by-300x105.png 300w\" sizes=\"auto, (max-width: 145px) 85vw, 145px\" \/><figcaption><a href=\"https:\/\/creativecommons.org\/licenses\/by\/4.0\/deed.de\">https:\/\/creativecommons.org\/licenses\/by\/4.0\/deed.de<\/a><\/figcaption><\/figure>\n\n\n\n<p>Die Namensnennung ist folgenderma\u00dfen vorzunehmen: <br><em>Technische Universit\u00e4t Graz, Bernadette Spieler<\/em><\/p>\n\n\n\n<p><strong>Station 1<\/strong> <br><a rel=\"noreferrer noopener\" href=\"https:\/\/learninglab.tugraz.at\/informatischegrundbildung\/wp-content\/uploads\/2020\/04\/station_1_aufgabe.pdf\" target=\"_blank\">station_1_aufgabe.pdf<\/a><br><a rel=\"noreferrer noopener\" href=\"https:\/\/learninglab.tugraz.at\/informatischegrundbildung\/wp-content\/uploads\/2020\/04\/station_1_basiswissen.pdf\" target=\"_blank\">station_1_basiswissen.pdf<\/a><br><a rel=\"noreferrer noopener\" href=\"https:\/\/learninglab.tugraz.at\/informatischegrundbildung\/wp-content\/uploads\/2020\/04\/station_1_bausteine.pdf\" target=\"_blank\">station_1_bausteine.pdf<\/a><br><a rel=\"noreferrer noopener\" href=\"https:\/\/learninglab.tugraz.at\/informatischegrundbildung\/wp-content\/uploads\/2020\/04\/station_1_bonusaufgabe.pdf\" target=\"_blank\">station_1_bonusaufgabe.pdf<\/a><\/p>\n\n\n\n<p><strong>Station 2<\/strong><br><a href=\"https:\/\/learninglab.tugraz.at\/informatischegrundbildung\/wp-content\/uploads\/2020\/04\/station_2_aufgabe.pdf\" target=\"_blank\" rel=\"noreferrer noopener\">station_2_aufgabe.pdf<\/a><br><a href=\"https:\/\/learninglab.tugraz.at\/informatischegrundbildung\/wp-content\/uploads\/2020\/04\/station_2_bausteine_teil1.pdf\" target=\"_blank\" rel=\"noreferrer noopener\">s<\/a><a href=\"https:\/\/learninglab.tugraz.at\/informatischegrundbildung\/wp-content\/uploads\/2020\/04\/station_2_basiswissen.pdf\" target=\"_blank\" rel=\"noreferrer noopener\">tation_2_basiswissen.pdf<\/a><br><a href=\"https:\/\/learninglab.tugraz.at\/informatischegrundbildung\/wp-content\/uploads\/2020\/04\/station_2_bausteine_teil1.pdf\" target=\"_blank\" rel=\"noreferrer noopener\">station_2_bausteine_teil1.pdf<\/a><br><a href=\"https:\/\/learninglab.tugraz.at\/informatischegrundbildung\/wp-content\/uploads\/2020\/04\/station_2_bausteine_teil2.pdf\" target=\"_blank\" rel=\"noreferrer noopener\">station_2_bausteine_teil2.pdf<\/a><br><a href=\"https:\/\/learninglab.tugraz.at\/informatischegrundbildung\/wp-content\/uploads\/2020\/04\/station_2_bausteine_teil3.pdf\" target=\"_blank\" rel=\"noreferrer noopener\">station_2_bausteine_teil3.pdf<\/a><br><a href=\"https:\/\/learninglab.tugraz.at\/informatischegrundbildung\/wp-content\/uploads\/2020\/04\/station_2_bonusaufgabe.pdf\" target=\"_blank\" rel=\"noreferrer noopener\">station_2_bonusaufgabe.pdf<\/a><\/p>\n\n\n\n<p><strong>Station 3<\/strong><br><a href=\"https:\/\/learninglab.tugraz.at\/informatischegrundbildung\/wp-content\/uploads\/2020\/04\/station_3_aufgabe.pdf\" target=\"_blank\" rel=\"noreferrer noopener\">station_3_aufgabe.pdf<\/a><br><a href=\"https:\/\/learninglab.tugraz.at\/informatischegrundbildung\/wp-content\/uploads\/2020\/04\/station_3_basiswissen.pdf\" target=\"_blank\" rel=\"noreferrer noopener\">station_3_basiswissen.pdf<br>s<\/a><a href=\"https:\/\/learninglab.tugraz.at\/informatischegrundbildung\/wp-content\/uploads\/2020\/04\/station_3_bausteine_teil1.pdf\" target=\"_blank\" rel=\"noreferrer noopener\">tation_3_bausteine_teil1.pdf<\/a><br><a href=\"https:\/\/learninglab.tugraz.at\/informatischegrundbildung\/wp-content\/uploads\/2020\/04\/station_3_bausteine_teil3.pdf\" target=\"_blank\" rel=\"noreferrer noopener\">s<\/a><a href=\"https:\/\/learninglab.tugraz.at\/informatischegrundbildung\/wp-content\/uploads\/2020\/04\/station_3_bausteine_teil2.pdf\" target=\"_blank\" rel=\"noreferrer noopener\">tation_3_bausteine_teil2.pdf<\/a><br><a href=\"https:\/\/learninglab.tugraz.at\/informatischegrundbildung\/wp-content\/uploads\/2020\/04\/station_3_bausteine_teil3.pdf\" target=\"_blank\" rel=\"noreferrer noopener\">station_3_bausteine_teil3.pdf<\/a><br><a href=\"https:\/\/learninglab.tugraz.at\/informatischegrundbildung\/wp-content\/uploads\/2020\/04\/station_3_bonusaufgabe.pdf\" target=\"_blank\" rel=\"noreferrer noopener\">station_3_bonusaufgabe.pdf<\/a><\/p>\n\n\n\n<p><strong>Station 4<\/strong><br><a href=\"https:\/\/learninglab.tugraz.at\/informatischegrundbildung\/wp-content\/uploads\/2020\/04\/station_4_aufgabe.pdf\" target=\"_blank\" rel=\"noreferrer noopener\">station_4_aufgabe.pdf<\/a><br><a href=\"https:\/\/learninglab.tugraz.at\/informatischegrundbildung\/wp-content\/uploads\/2020\/04\/station_4_basiswissen.pdf\" target=\"_blank\" rel=\"noreferrer noopener\">station_4_basiswissen.pdf<\/a><br><a href=\"https:\/\/learninglab.tugraz.at\/informatischegrundbildung\/wp-content\/uploads\/2020\/04\/station_4_bausteine.pdf\" target=\"_blank\" rel=\"noreferrer noopener\">station_4_bausteine.pdf<\/a><br><a href=\"https:\/\/learninglab.tugraz.at\/informatischegrundbildung\/wp-content\/uploads\/2020\/04\/station_4_bonusaufgabe.pdf\" target=\"_blank\" rel=\"noreferrer noopener\">station_4_bonusaufgabe.pdf<\/a><\/p>\n\n\n\n<p><strong>Station 5<\/strong><br><a rel=\"noreferrer noopener\" href=\"https:\/\/learninglab.tugraz.at\/informatischegrundbildung\/wp-content\/uploads\/2020\/04\/station_5_aufgabe.pdf\" target=\"_blank\">station_5_aufgabe.pdf<\/a><br><a rel=\"noreferrer noopener\" href=\"https:\/\/learninglab.tugraz.at\/informatischegrundbildung\/wp-content\/uploads\/2020\/04\/station_5_basiswissen.pdf\" target=\"_blank\">station_5_basiswissen.pdf<\/a><br><a rel=\"noreferrer noopener\" href=\"https:\/\/learninglab.tugraz.at\/informatischegrundbildung\/wp-content\/uploads\/2020\/04\/station_5_bausteine_teil1.pdf\" target=\"_blank\">station_5_bausteine_teil1.pdf<\/a><br><a rel=\"noreferrer noopener\" href=\"https:\/\/learninglab.tugraz.at\/informatischegrundbildung\/wp-content\/uploads\/2020\/04\/station_5_bausteine_teil2.pdf\" target=\"_blank\">station_5_bausteine_teil2.pdf<\/a><br><a rel=\"noreferrer noopener\" href=\"https:\/\/learninglab.tugraz.at\/informatischegrundbildung\/wp-content\/uploads\/2020\/04\/station_5_bausteine_teil3.pdf\" target=\"_blank\">station_5_bausteine_teil3.pdf<\/a><br><a rel=\"noreferrer noopener\" href=\"https:\/\/learninglab.tugraz.at\/informatischegrundbildung\/wp-content\/uploads\/2020\/04\/station_5_bonusaufgabe.pdf\" target=\"_blank\">station_5_bonusaufgabe.pdf<\/a><\/p>\n\n\n\n<p><strong>L\u00f6sungen<\/strong> (A4)<br><a rel=\"noreferrer noopener\" href=\"https:\/\/learninglab.tugraz.at\/informatischegrundbildung\/wp-content\/uploads\/2020\/04\/station_2_loesung.pdf\" target=\"_blank\">station_2_loesung.pdf<\/a><br><a rel=\"noreferrer noopener\" href=\"https:\/\/learninglab.tugraz.at\/informatischegrundbildung\/wp-content\/uploads\/2020\/04\/station_3_loesung.pdf\" target=\"_blank\">station_3_loesung.pdf<\/a><br><a rel=\"noreferrer noopener\" href=\"https:\/\/learninglab.tugraz.at\/informatischegrundbildung\/wp-content\/uploads\/2020\/04\/station_4_loesung.pdf\" target=\"_blank\">station_4_loesung.pdf<\/a><br><a rel=\"noreferrer noopener\" href=\"https:\/\/learninglab.tugraz.at\/informatischegrundbildung\/wp-content\/uploads\/2020\/04\/station_5_loesung.pdf\" target=\"_blank\">station_5_loesung.pdf<\/a><br><a rel=\"noreferrer noopener\" href=\"https:\/\/learninglab.tugraz.at\/informatischegrundbildung\/wp-content\/uploads\/2020\/04\/programm_fertig.pdf\" target=\"_blank\">programm_fertig.pdf<\/a><\/p>\n\n\n\n<p><strong>(Optionale) Zusatzaufgabe <\/strong>(A4)<br><a rel=\"noreferrer noopener\" href=\"https:\/\/learninglab.tugraz.at\/informatischegrundbildung\/wp-content\/uploads\/2020\/04\/zusatzaufgabe_cookie_clicker_app.pdf\" target=\"_blank\">Zusatzaufgabe Cookie-Clicker-App<\/a><\/p>\n\n\n\n<p>Druckvorlage (A3): Skript f\u00fcr Objekt<br><a rel=\"noreferrer noopener\" href=\"https:\/\/learninglab.tugraz.at\/informatischegrundbildung\/wp-content\/uploads\/2020\/04\/skript_hintergrund.pdf\" target=\"_blank\">skript_hintergrund.pdf<\/a><br><a rel=\"noreferrer noopener\" href=\"https:\/\/learninglab.tugraz.at\/informatischegrundbildung\/wp-content\/uploads\/2020\/04\/skript_maedchen.pdf\" target=\"_blank\">skript_maedchen.pdf<\/a><br><a rel=\"noreferrer noopener\" href=\"https:\/\/learninglab.tugraz.at\/informatischegrundbildung\/wp-content\/uploads\/2020\/04\/skript_schatz.pdf\" target=\"_blank\">skript_schatz.pdf<\/a><br><a rel=\"noreferrer noopener\" href=\"https:\/\/learninglab.tugraz.at\/informatischegrundbildung\/wp-content\/uploads\/2020\/04\/skript_stein.pdf\" target=\"_blank\">skript_stein.pdf<\/a><br><a rel=\"noreferrer noopener\" href=\"https:\/\/learninglab.tugraz.at\/informatischegrundbildung\/wp-content\/uploads\/2020\/04\/skript_vogel.pdf\" target=\"_blank\">skript_vogel.pdf<\/a><\/p>\n\n\n\n<p><br><\/p>\n","protected":false},"excerpt":{"rendered":"<p>Hier wollen wir die bei den MAKER DAYS verwendeten Lehr- und Lernunterlagen mit euch\/mit Ihnen teilen. Zudem sind wir gerade dabei, DIY-Anleitungen zu einigen Produkten, die w\u00e4hrend der MAKER DAYS enstanden sind, zu verfassen. Diese werden dann in den n\u00e4chsten Monaten hier ver\u00f6ffentlicht. hAPPy-Lab Stationenbetrieb Prim\u00e4res Ziel des hAPPy-Lab war es, die wichtigsten Grundlagen der &hellip; <a href=\"https:\/\/learninglab.tugraz.at\/informatischegrundbildung\/makerdays\/materialsammlung\/\" class=\"more-link\"><span class=\"screen-reader-text\">\u201eMaterialsammlung\u201c<\/span> weiterlesen<\/a><\/p>\n","protected":false},"author":1,"featured_media":0,"parent":588,"menu_order":0,"comment_status":"closed","ping_status":"closed","template":"","meta":{"footnotes":""},"class_list":["post-3732","page","type-page","status-publish","hentry"],"_links":{"self":[{"href":"https:\/\/learninglab.tugraz.at\/informatischegrundbildung\/wp-json\/wp\/v2\/pages\/3732","targetHints":{"allow":["GET"]}}],"collection":[{"href":"https:\/\/learninglab.tugraz.at\/informatischegrundbildung\/wp-json\/wp\/v2\/pages"}],"about":[{"href":"https:\/\/learninglab.tugraz.at\/informatischegrundbildung\/wp-json\/wp\/v2\/types\/page"}],"author":[{"embeddable":true,"href":"https:\/\/learninglab.tugraz.at\/informatischegrundbildung\/wp-json\/wp\/v2\/users\/1"}],"replies":[{"embeddable":true,"href":"https:\/\/learninglab.tugraz.at\/informatischegrundbildung\/wp-json\/wp\/v2\/comments?post=3732"}],"version-history":[{"count":14,"href":"https:\/\/learninglab.tugraz.at\/informatischegrundbildung\/wp-json\/wp\/v2\/pages\/3732\/revisions"}],"predecessor-version":[{"id":3787,"href":"https:\/\/learninglab.tugraz.at\/informatischegrundbildung\/wp-json\/wp\/v2\/pages\/3732\/revisions\/3787"}],"up":[{"embeddable":true,"href":"https:\/\/learninglab.tugraz.at\/informatischegrundbildung\/wp-json\/wp\/v2\/pages\/588"}],"wp:attachment":[{"href":"https:\/\/learninglab.tugraz.at\/informatischegrundbildung\/wp-json\/wp\/v2\/media?parent=3732"}],"curies":[{"name":"wp","href":"https:\/\/api.w.org\/{rel}","templated":true}]}}