{"id":42,"date":"2017-03-20T18:15:50","date_gmt":"2017-03-20T17:15:50","guid":{"rendered":"https:\/\/learninglab.tugraz.at\/informatischegrundbildung\/?page_id=42"},"modified":"2019-02-20T16:25:32","modified_gmt":"2019-02-20T15:25:32","slug":"impressum","status":"publish","type":"page","link":"https:\/\/learninglab.tugraz.at\/informatischegrundbildung\/impressum\/","title":{"rendered":"Impressum"},"content":{"rendered":"<h2><strong>Administration der Website<br \/>\n<\/strong><\/h2>\n<p><a href=\"https:\/\/learninglab.tugraz.at\/informatischegrundbildung\/wp-content\/uploads\/2019\/02\/maria_sw_md.png\"><img loading=\"lazy\" decoding=\"async\" class=\"wp-image-2006 alignleft\" src=\"https:\/\/learninglab.tugraz.at\/informatischegrundbildung\/wp-content\/uploads\/2019\/02\/maria_sw_md-252x300.png\" alt=\"\" width=\"108\" height=\"129\" srcset=\"https:\/\/learninglab.tugraz.at\/informatischegrundbildung\/wp-content\/uploads\/2019\/02\/maria_sw_md-252x300.png 252w, https:\/\/learninglab.tugraz.at\/informatischegrundbildung\/wp-content\/uploads\/2019\/02\/maria_sw_md.png 671w\" sizes=\"auto, (max-width: 108px) 85vw, 108px\" \/><\/a>Mag. Maria Grandl<br \/>\nTechnische Universit\u00e4t Graz<br \/>\nOrganisationseinheit &#8222;Lehr- und Lerntechnologien&#8220;<br \/>\n<a href=\"https:\/\/online.tugraz.at\/tug_online\/visitenkarte.show_vcard?pPersonenId=38C7E8F9CDEA7883&amp;pPersonenGruppe=3\">Visitenkarte TU Graz Online<\/a><\/p>\n<h2><strong>Ziele<\/strong><\/h2>\n<p>Diese Website soll dazu dienen, Aktivit\u00e4ten zur F\u00f6rderung informatischer Bildung (insbesondere an der Technischen Universit\u00e4t Graz) zu sammeln, offen lizenzierte Lehr- und Lernunterlagen f\u00fcr den Einsatz im Informatikunterricht zur Verf\u00fcgung zu stellen und \u00fcber neue Erkenntnisse und Entwicklungen im Bereich Maker Education und Bildungsinformatik zu informieren.<\/p>\n","protected":false},"excerpt":{"rendered":"<p>Administration der Website Mag. Maria Grandl Technische Universit\u00e4t Graz Organisationseinheit &#8222;Lehr- und Lerntechnologien&#8220; Visitenkarte TU Graz Online Ziele Diese Website soll dazu dienen, Aktivit\u00e4ten zur F\u00f6rderung informatischer Bildung (insbesondere an der Technischen Universit\u00e4t Graz) zu sammeln, offen lizenzierte Lehr- und Lernunterlagen f\u00fcr den Einsatz im Informatikunterricht zur Verf\u00fcgung zu stellen und \u00fcber neue Erkenntnisse und &hellip; <a href=\"https:\/\/learninglab.tugraz.at\/informatischegrundbildung\/impressum\/\" class=\"more-link\"><span class=\"screen-reader-text\">\u201eImpressum\u201c<\/span> weiterlesen<\/a><\/p>\n","protected":false},"author":1,"featured_media":0,"parent":0,"menu_order":0,"comment_status":"closed","ping_status":"closed","template":"","meta":{"footnotes":""},"class_list":["post-42","page","type-page","status-publish","hentry"],"_links":{"self":[{"href":"https:\/\/learninglab.tugraz.at\/informatischegrundbildung\/wp-json\/wp\/v2\/pages\/42","targetHints":{"allow":["GET"]}}],"collection":[{"href":"https:\/\/learninglab.tugraz.at\/informatischegrundbildung\/wp-json\/wp\/v2\/pages"}],"about":[{"href":"https:\/\/learninglab.tugraz.at\/informatischegrundbildung\/wp-json\/wp\/v2\/types\/page"}],"author":[{"embeddable":true,"href":"https:\/\/learninglab.tugraz.at\/informatischegrundbildung\/wp-json\/wp\/v2\/users\/1"}],"replies":[{"embeddable":true,"href":"https:\/\/learninglab.tugraz.at\/informatischegrundbildung\/wp-json\/wp\/v2\/comments?post=42"}],"version-history":[{"count":8,"href":"https:\/\/learninglab.tugraz.at\/informatischegrundbildung\/wp-json\/wp\/v2\/pages\/42\/revisions"}],"predecessor-version":[{"id":2012,"href":"https:\/\/learninglab.tugraz.at\/informatischegrundbildung\/wp-json\/wp\/v2\/pages\/42\/revisions\/2012"}],"wp:attachment":[{"href":"https:\/\/learninglab.tugraz.at\/informatischegrundbildung\/wp-json\/wp\/v2\/media?parent=42"}],"curies":[{"name":"wp","href":"https:\/\/api.w.org\/{rel}","templated":true}]}}