{"id":588,"date":"2018-04-20T14:21:43","date_gmt":"2018-04-20T12:21:43","guid":{"rendered":"https:\/\/learninglab.tugraz.at\/informatischegrundbildung\/?page_id=588"},"modified":"2024-02-19T10:35:20","modified_gmt":"2024-02-19T09:35:20","slug":"makerdays","status":"publish","type":"page","link":"https:\/\/learninglab.tugraz.at\/informatischegrundbildung\/makerdays\/","title":{"rendered":"MAKER DAYS for kids | Graz"},"content":{"rendered":"\n<figure class=\"wp-block-video\"><video height=\"1080\" style=\"aspect-ratio: 1920 \/ 1080;\" width=\"1920\" autoplay controls loop muted poster=\"https:\/\/learninglab.tugraz.at\/informatischegrundbildung\/wp-content\/uploads\/2021\/01\/MAKER_DAYS_2020_TU_Graz_PR_Kit_04_KLEIN.jpg\" src=\"https:\/\/learninglab.tugraz.at\/informatischegrundbildung\/wp-content\/uploads\/2021\/04\/trailer_2021_makerdays.mp4\"><\/video><figcaption class=\"wp-element-caption\">Trailer &#8211; MAKER DAYS 2021<\/figcaption><\/figure>\n\n\n<h3><strong><span style=\"color: #339966;\">WAS<\/span> sind die MAKER DAYS<em> for kids | Graz<\/em>?<\/strong><\/h3>\n<p>In einer offenen (digitalen) Werkstatt k\u00f6nnen Kinder und Jugendliche im Alter von 10-14 Jahren kreativ arbeiten und verschiedene Produkte mit unterschiedlichen (digitalen) Werkzeugen und Materialien gestalten und herstellen.<\/p>\n<p>Folgende Arbeitsbereiche werden angeboten:<\/p>\n<p>#textiles Gestalten mit (programmierbarer) Stick- und N\u00e4hmaschine #Programmieren und Physical Computing #Roboter steuern #Arbeiten mit dem 3D-Drucker, dem Vinyl-Schneider und dem Lasercutter #Basteln, Bauen, Malen #Upcycling\u00a0 #L\u00f6ten #elektronisches Basteln #Lightpainting #Videoproduktion #und noch vieles mehr<\/p>\n<h3><span style=\"color: #339966;\">WAS<\/span> ist das <span style=\"color: #339966;\">ZIEL<\/span> der MAKER DAYS?<\/h3>\n<p>Viele neue Werkzeuge und Aktivit\u00e4ten ausprobieren, mit Erwachsenen und Gleichaltrigen auf Augenh\u00f6he zusammenarbeiten und <strong>die Welt mit deinen Ideen verbessern<\/strong>.<\/p>\n<h3><strong><span style=\"color: #339966;\">WER<\/span> veranstaltet die MAKER DAYS for kids?<\/strong><\/h3>\n<p>Ein buntgemischtes und erfahrenes Team der <a href=\"https:\/\/www.tugraz.at\/home\">Technischen Universit\u00e4t Graz<\/a> und des gemeinn\u00fctzigen Vereins <a href=\"https:\/\/www.bimsev.de\/n\/\">BIMS e.V.<\/a>.<\/p>\n<h3><strong><span style=\"color: #339966;\">WER<\/span> unterst\u00fctzt die MAKER DAYS for kids?<\/strong><\/h3>\n<p>Die MAKER DAYS for kids | Graz werden von der <a href=\"https:\/\/www.tugraz.at\/home\">Technischen Universit\u00e4t Graz<\/a> veranstaltet und vom gemeinn\u00fctzigen Verein<a href=\"https:\/\/www.bimsev.de\/n\/\"> BIMS e.V.<\/a> unterst\u00fctzt. Das p\u00e4dagogisch-didaktische Konzept der MAKER DAYS kommt auch in anderen L\u00e4ndern und St\u00e4dten zur Anwendung: <a href=\"https:\/\/makerdaysforkids.eu\/\">https:\/\/makerdaysforkids.eu\/<\/a><\/p>\n<p><img loading=\"lazy\" decoding=\"async\" class=\"alignnone wp-image-569\" src=\"https:\/\/learninglab.tugraz.at\/informatischegrundbildung\/wp-content\/uploads\/2018\/04\/TU_Logo_transparent-300x110.png\" alt=\"\" width=\"101\" height=\"37\" srcset=\"https:\/\/learninglab.tugraz.at\/informatischegrundbildung\/wp-content\/uploads\/2018\/04\/TU_Logo_transparent-300x110.png 300w, https:\/\/learninglab.tugraz.at\/informatischegrundbildung\/wp-content\/uploads\/2018\/04\/TU_Logo_transparent.png 470w\" sizes=\"auto, (max-width: 101px) 85vw, 101px\" \/> \u00a0\u00a0\u00a0 \u00a0\u00a0 <img loading=\"lazy\" decoding=\"async\" class=\"alignnone wp-image-610\" src=\"https:\/\/learninglab.tugraz.at\/informatischegrundbildung\/wp-content\/uploads\/2018\/04\/bims_logo_vollstaendigername_gross-300x101.jpg\" alt=\"\" width=\"110\" height=\"37\" srcset=\"https:\/\/learninglab.tugraz.at\/informatischegrundbildung\/wp-content\/uploads\/2018\/04\/bims_logo_vollstaendigername_gross-300x101.jpg 300w, https:\/\/learninglab.tugraz.at\/informatischegrundbildung\/wp-content\/uploads\/2018\/04\/bims_logo_vollstaendigername_gross-768x259.jpg 768w, https:\/\/learninglab.tugraz.at\/informatischegrundbildung\/wp-content\/uploads\/2018\/04\/bims_logo_vollstaendigername_gross.jpg 803w\" sizes=\"auto, (max-width: 110px) 85vw, 110px\" \/>\u00a0\u00a0\u00a0\u00a0<\/p>\n<h3><strong><span style=\"color: #339966;\">WANN<\/span> und <span style=\"color: #339966;\">WO<\/span> finden die <em>MAKER DAYS<\/em> statt?<\/strong><\/h3>\n<p><span style=\"color: #000000;\">Die <strong>MAKER DAYS for kids | Graz<\/strong> legen im<strong> Jahr 2024<\/strong> eine <strong>Pause<\/strong> ein. Aktuell sind keine weiteren Durchf\u00fchrungen in \u00d6sterreich geplant. <\/span>Wir t\u00fcfteln aktuell an einem neuen Format mit\/f\u00fcr kleinere Gruppen.<\/p>\n<p>Die MAKER DAYS fanden im August 2018, 2019, 2020, 2021 und 2022 an der TU Graz statt. Der Pop-Up-Makerspace war jeweils f\u00fcr eine Woche ge\u00f6ffnet.<\/p>\n<h3><strong><span style=\"color: #339966;\">WIE<\/span> kann ich mitmachen?<\/strong><\/h3>\n<p>Sobald die n\u00e4chsten MAKER DAYS in den Startl\u00f6chern stehen, teilen wir Ihnen das hier nat\u00fcrlich mit.<\/p>\n<p>Unter <a href=\"https:\/\/www.tugraz.at\/go\/sommerkurse\" target=\"_blank\" rel=\"noopener\">https:\/\/super-science-team.tugraz.at\/<\/a> finden Sie Informationen zu den Sommerkursangeboten f\u00fcr Kinder und Jugendliche an der TU Graz.<\/p>\n<p>Unter <a href=\"_wp_link_placeholder\" data-wplink-edit=\"true\">https:\/\/www.tugraz.at\/tu-graz\/services\/angebote-fuer-schulen\/tu-graz-schulnewsletter<\/a> k\u00f6nnen Sie sich zum <em>TU Graz Schulnewsletter<\/em> anmelden.<\/p>\n<p><b>F\u00fcr Fragen k\u00f6nnen Sie uns gerne kontaktieren:<\/b><\/p>\n<p>Maria Grandl (Projektleitung)<br \/><strong>E-Mail: makerdays@tugraz.at<\/strong><br \/><span id=\"nf-drawer-content\"><span class=\"nf-setting-groups\"><span class=\"nf-field-settings\">Telefon: +43 316 873 <strong>8566<\/strong><\/span><\/span><\/span><\/p>\n\n\n<p><\/p>\n","protected":false},"excerpt":{"rendered":"<p>WAS sind die MAKER DAYS for kids | Graz? In einer offenen (digitalen) Werkstatt k\u00f6nnen Kinder und Jugendliche im Alter von 10-14 Jahren kreativ arbeiten und verschiedene Produkte mit unterschiedlichen (digitalen) Werkzeugen und Materialien gestalten und herstellen. Folgende Arbeitsbereiche werden angeboten: #textiles Gestalten mit (programmierbarer) Stick- und N\u00e4hmaschine #Programmieren und Physical Computing #Roboter steuern #Arbeiten &hellip; <a href=\"https:\/\/learninglab.tugraz.at\/informatischegrundbildung\/makerdays\/\" class=\"more-link\"><span class=\"screen-reader-text\">\u201eMAKER DAYS for kids | Graz\u201c<\/span> weiterlesen<\/a><\/p>\n","protected":false},"author":1,"featured_media":0,"parent":0,"menu_order":0,"comment_status":"closed","ping_status":"closed","template":"","meta":{"footnotes":""},"class_list":["post-588","page","type-page","status-publish","hentry"],"_links":{"self":[{"href":"https:\/\/learninglab.tugraz.at\/informatischegrundbildung\/wp-json\/wp\/v2\/pages\/588","targetHints":{"allow":["GET"]}}],"collection":[{"href":"https:\/\/learninglab.tugraz.at\/informatischegrundbildung\/wp-json\/wp\/v2\/pages"}],"about":[{"href":"https:\/\/learninglab.tugraz.at\/informatischegrundbildung\/wp-json\/wp\/v2\/types\/page"}],"author":[{"embeddable":true,"href":"https:\/\/learninglab.tugraz.at\/informatischegrundbildung\/wp-json\/wp\/v2\/users\/1"}],"replies":[{"embeddable":true,"href":"https:\/\/learninglab.tugraz.at\/informatischegrundbildung\/wp-json\/wp\/v2\/comments?post=588"}],"version-history":[{"count":79,"href":"https:\/\/learninglab.tugraz.at\/informatischegrundbildung\/wp-json\/wp\/v2\/pages\/588\/revisions"}],"predecessor-version":[{"id":5208,"href":"https:\/\/learninglab.tugraz.at\/informatischegrundbildung\/wp-json\/wp\/v2\/pages\/588\/revisions\/5208"}],"wp:attachment":[{"href":"https:\/\/learninglab.tugraz.at\/informatischegrundbildung\/wp-json\/wp\/v2\/media?parent=588"}],"curies":[{"name":"wp","href":"https:\/\/api.w.org\/{rel}","templated":true}]}}