{"id":681,"date":"2018-07-13T00:23:18","date_gmt":"2018-07-12T22:23:18","guid":{"rendered":"https:\/\/learninglab.tugraz.at\/informatischegrundbildung\/?page_id=681"},"modified":"2018-07-13T00:23:18","modified_gmt":"2018-07-12T22:23:18","slug":"bbc-microbit-werkstattbeispiele","status":"publish","type":"page","link":"https:\/\/learninglab.tugraz.at\/informatischegrundbildung\/bbc-microbit-werkstattbeispiele\/","title":{"rendered":"BBC micro:bit\u00a9 Werkstattbeispiele"},"content":{"rendered":"<h1>Werkstattbeispiele zum BBC micro:bit<\/h1>\n<p><a href=\"https:\/\/learninglab.tugraz.at\/informatischegrundbildung\/wp-content\/uploads\/2018\/05\/makerdays1.jpg\"><img loading=\"lazy\" decoding=\"async\" class=\"wp-image-634 alignleft\" src=\"https:\/\/learninglab.tugraz.at\/informatischegrundbildung\/wp-content\/uploads\/2018\/05\/makerdays1-300x300.jpg\" alt=\"BBC micro:bit\" width=\"276\" height=\"276\" srcset=\"https:\/\/learninglab.tugraz.at\/informatischegrundbildung\/wp-content\/uploads\/2018\/05\/makerdays1-300x300.jpg 300w, https:\/\/learninglab.tugraz.at\/informatischegrundbildung\/wp-content\/uploads\/2018\/05\/makerdays1-150x150.jpg 150w, https:\/\/learninglab.tugraz.at\/informatischegrundbildung\/wp-content\/uploads\/2018\/05\/makerdays1-768x768.jpg 768w, https:\/\/learninglab.tugraz.at\/informatischegrundbildung\/wp-content\/uploads\/2018\/05\/makerdays1-1024x1024.jpg 1024w, https:\/\/learninglab.tugraz.at\/informatischegrundbildung\/wp-content\/uploads\/2018\/05\/makerdays1-1200x1200.jpg 1200w\" sizes=\"auto, (max-width: 276px) 85vw, 276px\" \/><\/a><em>Der BBC micro:bit ist eine Platine, auf der ein Mikroprozessor und weitere elektronische und mechanische Bauteile angebracht sind. Es handelt sich dabei <b>nicht <\/b>um einen vollwertigen Computer, der autonom genutzt werden kann. F\u00fcr die Programmierung wird ein Computer mit Internetzugang ben\u00f6tigt. Zudem steht f\u00fcr die mobilen Betriebssysteme iOS, Android und Windows jeweils eine App zur Verf\u00fcgung.\u00a0 Ein Programm kann via USB-Kabel oder Bluetooth auf den BBC micro:bit \u00fcbertragen werden. <\/em><\/p>\n<p><em>Der BBC micro:bit kann f\u00fcr einen Preis von rund 20\u20ac (Stand Juli 2018) erworben werden. Im Vergleich mit dem Calliope mini besitzt er keinen Lautsprecher und keinen Sensor, der die Umgebungslautst\u00e4rke misst. Dennoch k\u00f6nnen Kopfh\u00f6rer oder einfache Lautsprecher nahezu problemlos mit Krokodilklemmen angeschlossen werden.<br \/>\n<\/em><\/p>\n<p><strong>Website:<\/strong> <a href=\"http:\/\/microbit.org\/de\/\">http:\/\/microbit.org\/de\/<\/a><br \/>\n<strong>Entwicklungsumgebungen:<\/strong> <a href=\"http:\/\/microbit.org\/de\/code\/\">http:\/\/microbit.org\/de\/code\/<\/a><br \/>\n<strong><br \/>\nLehr- und Lernmaterialien:<\/strong><br \/>\nVerschiedene Projekte (in englischer Sprache):<br \/>\n<a href=\"https:\/\/makecode.microbit.org\/projects\">https:\/\/makecode.microbit.org\/projects<\/a><\/p>\n<h6><b>Kurzeinsch\u00e4tzung der Anwendbarkeit im schulischen Kontext<\/b><b><\/b><\/h6>\n<p><em>F\u00fcr den Calliope und den BBC micro:bit gilt dasselbe: Zahlreiche Beispiele zeigen, dass sich die Platinen f\u00fcr den Einsatz in unterschiedlichen Schulf\u00e4chern eignen: Vom Feuchtigkeitsmessger\u00e4t \u00fcber einen Kompass bis hin zu einem Zufallsgenerator \u2013 bei jedem Beispiel werden grundlegende Konzepte der Programmierung vermittelt, die in einen fachlichen Kontext eingebettet sind. Lehrpersonen, die den BBC micro:bit im Unterricht einsetzen wollen, m\u00fcssen sowohl \u00fcber grundlegende Programmierkenntnisse verf\u00fcgen, als auch mit dem jeweiligen Editor vertraut sein. F\u00fcr das Erstellen der Programme sollte die jeweilige Einheit in einen Computerraum verlegt werden. Der Wartungsaufwand f\u00fcr den BBC micro:bit ist relativ gering, da im Grunde nur die Stromversorgung \u00fcber den Batterieblock sichergestellt werden muss.<\/em><\/p>\n<p><strong>Die folgenden drei Werkstattbeispiele stellen exemplarisch da, wie informatische Inhalte bzw. Ger\u00e4te wie der BBC micro:bit in anderen Unterrichtsgegenst\u00e4nden vermittelt bzw. eingesetzt werden\u00a0 k\u00f6nnen. Aus didaktischer Sicht soll ein offenes Unterrichtssetting, das projektbasiertes Lernen im Team erm\u00f6glicht und Zeit und Raum zum Ausprobieren zur Verf\u00fcgung stellt, angestrebt werden.<br \/>\n<\/strong><\/p>\n<p>Die Werkstattbeispiele sind im Rahmen der Diplomarbeit mit dem Titel <em>F\u00e4cherintegrativer Unterricht <\/em><em>am Beispiel des BBC micro:bit<\/em> von Mag. Patrick Zellacher entstanden. Alle Unterlagen werden unter der Creative-Commons-Lizenz &#8222;CC-BY&#8220; zur Verf\u00fcgung gestellt.<\/p>\n<h4>Werkstattbeispiel 1 (Physik\/Informatik):<br \/>\n<span style=\"color: #339966;\">Elektrifizierend!<\/span><\/h4>\n<p><strong><a href=\"https:\/\/learninglab.tugraz.at\/informatischegrundbildung\/wp-content\/uploads\/2018\/07\/wb1_microbit_informatik_physik.pdf\">wb1_microbit_informatik_physik.pdf<\/a><\/strong><\/p>\n<p><strong>Kopiervorlagen\/Arbeitsbl\u00e4tter WB 1:<\/strong><\/p>\n<p>#Leitf\u00e4hikgeit &#8211; <a href=\"https:\/\/learninglab.tugraz.at\/informatischegrundbildung\/wp-content\/uploads\/2018\/07\/ArbeitsblattLeitfaehigkeit.pdf\">ArbeitsblattLeitfaehigkeit.pdf<\/a><br \/>\n#Messen, Messen, Messen (1) &#8211; <a href=\"https:\/\/learninglab.tugraz.at\/informatischegrundbildung\/wp-content\/uploads\/2018\/07\/ArbeitsblattMessen1.pdf\">ArbeitsblattMessen1<\/a><br \/>\n#Messen, Messen, Messen (2) &#8211;\u00a0 <a href=\"https:\/\/learninglab.tugraz.at\/informatischegrundbildung\/wp-content\/uploads\/2018\/07\/ArbeitsblattMessen2.pdf\">ArbeitsblattMessen2<\/a><br \/>\n#Experimentiere und notiere &#8211;\u00a0 <a href=\"https:\/\/learninglab.tugraz.at\/informatischegrundbildung\/wp-content\/uploads\/2018\/07\/ArbeitsblattExperimenteLeitfaehigkeit.pdf\">ArbeitsblattExperimenteLeitfaehigkeit<\/a><br \/>\n#Es werde Licht! &#8211; <a href=\"https:\/\/learninglab.tugraz.at\/informatischegrundbildung\/wp-content\/uploads\/2018\/07\/ArbeitsblattEsWerdeLicht.pdf\">ArbeitsblattEsWerdeLicht<\/a><\/p>\n<p>#Der hei\u00dfe Draht (1) &#8211;\u00a0 <a href=\"https:\/\/learninglab.tugraz.at\/informatischegrundbildung\/wp-content\/uploads\/2018\/07\/ArbeitsblattHeisserDraht1.pdf\">ArbeitsblattHeisserDraht1<\/a><br \/>\n#Der hei\u00dfe Draht (2) &#8211; <a href=\"https:\/\/learninglab.tugraz.at\/informatischegrundbildung\/wp-content\/uploads\/2018\/07\/ArbeitsblattHeisserDraht2.pdf\">ArbeitsblattHeisserDraht2<\/a><\/p>\n<h4>Werkstattbeispiel 2 (Musik\/Informatik):<br \/>\n<span style=\"color: #339966;\">Die T\u00f6ne Klettern im TAKT<\/span><\/h4>\n<p><a href=\"https:\/\/learninglab.tugraz.at\/informatischegrundbildung\/wp-content\/uploads\/2018\/07\/wb2_microbit_informatik_musik.pdf\"><strong>wb2_microbit_informatik_musik.pdf<\/strong><\/a><\/p>\n<p><strong>Kopiervorlagen\/Arbeitsbl\u00e4tter WB 2:<\/strong><\/p>\n<p>#Tonleiter 1 &#8211; <a href=\"https:\/\/learninglab.tugraz.at\/informatischegrundbildung\/wp-content\/uploads\/2018\/07\/ArbeitsblattTonleiter1.pdf\">ArbeitsblattTonleiter1<\/a><br \/>\n#Tonleiter2 &#8211; <a href=\"https:\/\/learninglab.tugraz.at\/informatischegrundbildung\/wp-content\/uploads\/2018\/07\/ArbeitsblattTonleiter2.pdf\">ArbeitsblattTonleiter2<\/a><\/p>\n<p>#Metronom &#8211; <a href=\"https:\/\/learninglab.tugraz.at\/informatischegrundbildung\/wp-content\/uploads\/2018\/07\/ArbeitsblattMetronom.pdf\">ArbeitsblattMetronom<\/a><\/p>\n<h4>Werkstattbeispiel 3 (Deutsch\/Informatik):<br \/>\n<span style=\"color: #339966;\">GeschichteN Dichten<\/span><\/h4>\n<p><strong><a href=\"https:\/\/learninglab.tugraz.at\/informatischegrundbildung\/wp-content\/uploads\/2018\/07\/wb3_microbit_informatik_deutsch.pdf\">wb3_microbit_informatik_deutsch.pdf<\/a><\/strong><\/p>\n<p><strong>Kopiervorlagen\/Arbeitsbl\u00e4tter WB 3:<\/strong><\/p>\n<p>#Geschichte schreiben 1 &#8211; <a href=\"https:\/\/learninglab.tugraz.at\/informatischegrundbildung\/wp-content\/uploads\/2018\/07\/ArbeitsblattGeschichteSchreiben1.pdf\">ArbeitsblattGeschichteSchreiben1<\/a><br \/>\n#Geschichte schreiben 2 &#8211; <a href=\"https:\/\/learninglab.tugraz.at\/informatischegrundbildung\/wp-content\/uploads\/2018\/07\/ArbeitsblattGeschichteSchreiben2.pdf\">ArbeitsblattGeschichteSchreiben2<\/a><\/p>\n<p>#Dichten in vier Zeilen &#8211; <a href=\"https:\/\/learninglab.tugraz.at\/informatischegrundbildung\/wp-content\/uploads\/2018\/07\/ArbeitsblattVierzeiler.pdf\">ArbeitsblattVierzeiler<\/a><\/p>\n","protected":false},"excerpt":{"rendered":"<p>Werkstattbeispiele zum BBC micro:bit Der BBC micro:bit ist eine Platine, auf der ein Mikroprozessor und weitere elektronische und mechanische Bauteile angebracht sind. Es handelt sich dabei nicht um einen vollwertigen Computer, der autonom genutzt werden kann. F\u00fcr die Programmierung wird ein Computer mit Internetzugang ben\u00f6tigt. Zudem steht f\u00fcr die mobilen Betriebssysteme iOS, Android und Windows &hellip; <a href=\"https:\/\/learninglab.tugraz.at\/informatischegrundbildung\/bbc-microbit-werkstattbeispiele\/\" class=\"more-link\"><span class=\"screen-reader-text\">\u201eBBC micro:bit\u00a9 Werkstattbeispiele\u201c<\/span> weiterlesen<\/a><\/p>\n","protected":false},"author":1,"featured_media":0,"parent":0,"menu_order":0,"comment_status":"closed","ping_status":"closed","template":"","meta":{"footnotes":""},"class_list":["post-681","page","type-page","status-publish","hentry"],"_links":{"self":[{"href":"https:\/\/learninglab.tugraz.at\/informatischegrundbildung\/wp-json\/wp\/v2\/pages\/681","targetHints":{"allow":["GET"]}}],"collection":[{"href":"https:\/\/learninglab.tugraz.at\/informatischegrundbildung\/wp-json\/wp\/v2\/pages"}],"about":[{"href":"https:\/\/learninglab.tugraz.at\/informatischegrundbildung\/wp-json\/wp\/v2\/types\/page"}],"author":[{"embeddable":true,"href":"https:\/\/learninglab.tugraz.at\/informatischegrundbildung\/wp-json\/wp\/v2\/users\/1"}],"replies":[{"embeddable":true,"href":"https:\/\/learninglab.tugraz.at\/informatischegrundbildung\/wp-json\/wp\/v2\/comments?post=681"}],"version-history":[{"count":11,"href":"https:\/\/learninglab.tugraz.at\/informatischegrundbildung\/wp-json\/wp\/v2\/pages\/681\/revisions"}],"predecessor-version":[{"id":767,"href":"https:\/\/learninglab.tugraz.at\/informatischegrundbildung\/wp-json\/wp\/v2\/pages\/681\/revisions\/767"}],"wp:attachment":[{"href":"https:\/\/learninglab.tugraz.at\/informatischegrundbildung\/wp-json\/wp\/v2\/media?parent=681"}],"curies":[{"name":"wp","href":"https:\/\/api.w.org\/{rel}","templated":true}]}}