{"id":739,"date":"2018-07-13T15:33:31","date_gmt":"2018-07-13T13:33:31","guid":{"rendered":"https:\/\/learninglab.tugraz.at\/informatischegrundbildung\/?page_id=739"},"modified":"2018-07-13T15:33:31","modified_gmt":"2018-07-13T13:33:31","slug":"der-arduino-im-physikunterricht","status":"publish","type":"page","link":"https:\/\/learninglab.tugraz.at\/informatischegrundbildung\/der-arduino-im-physikunterricht\/","title":{"rendered":"Der Arduino\u00a9 im Physikunterricht"},"content":{"rendered":"<p class=\"\"><span class=\"\"><img loading=\"lazy\" decoding=\"async\" class=\" wp-image-762 alignleft\" src=\"https:\/\/learninglab.tugraz.at\/informatischegrundbildung\/wp-content\/uploads\/2018\/07\/arduino-2168193_1920-300x213.png\" alt=\"\" width=\"338\" height=\"240\" srcset=\"https:\/\/learninglab.tugraz.at\/informatischegrundbildung\/wp-content\/uploads\/2018\/07\/arduino-2168193_1920-300x213.png 300w, https:\/\/learninglab.tugraz.at\/informatischegrundbildung\/wp-content\/uploads\/2018\/07\/arduino-2168193_1920-768x544.png 768w, https:\/\/learninglab.tugraz.at\/informatischegrundbildung\/wp-content\/uploads\/2018\/07\/arduino-2168193_1920-1024x726.png 1024w, https:\/\/learninglab.tugraz.at\/informatischegrundbildung\/wp-content\/uploads\/2018\/07\/arduino-2168193_1920-1200x851.png 1200w, https:\/\/learninglab.tugraz.at\/informatischegrundbildung\/wp-content\/uploads\/2018\/07\/arduino-2168193_1920.png 1920w\" sizes=\"auto, (max-width: 338px) 85vw, 338px\" \/>Vorliegend eine Unterrichtssequenz zum Erlernen der Kompetenzen rund um das Thema <strong>Beschleunigung<\/strong> mithilfe von Arduinos.\u00a0 Diese wurde an einer Klasse in der <strong>10. Schulstufe\u00a0<\/strong>einer AHS durchgef\u00fchrt und hinsichtlich der vermittelten Kompetenzen aus den beiden F\u00e4chern Physik und Informatik analysiert und der Lernzuwachs ermittelt. Dabei zeigte sich, dass die Sch\u00fclerinnen und Sch\u00fcler durch das Absolvieren der Stationen, welche auf die Vermittlung physikalischer Kompetenzen ausgelegt sind, auch Kompetenzen aus dem Bereich der Informatik erwerben.<\/span><\/p>\n<p class=\"\"><span class=\"\">Der Arduino kann vielseitig in Unterrichtsgegenst\u00e4nden, vorrangig im Bereich der Naturwissenschaften, eingesetzt werden und profitiert, durch eine Vielzahl an verschieden Herstellern, von geringen Anschaffungskosten.\u00a0<\/span><\/p>\n<p class=\"\"><span class=\"\">Die acht Stationen sind im Zuge eines Stationsbetriebes in einer Doppelstunde zu absolvieren. Bei der Feldstudie wurden die Sch\u00fclerinnen und Sch\u00fcler in 6 Gruppen (\u00e0 3 &#8211; 4 Personen) eingeteilt. Zeitlich konnten drei der sechs Gruppen alle Stationen absolvieren. Die Stationen sind teilweise redundant (im Hinblick auf die zu vermittelten Kompetenzen beider F\u00e4cher) ausgelegt, damit alle Gruppen zumindest einmal alle Bereiche erarbeiten.<\/span><\/p>\n<p>Die Unterrichtssequenz wurde von Mag. Christopher Kommetter im Zuge seiner Diplomarbeit mit dem Titel <span id=\"idtitelfield\" class=\"Mask \">\u00a0<em>F\u00e4cher\u00fcbergreifender Unterricht am Beispiel des Informatik-unterst\u00fctzten Physikunterrichts anhand ausgew\u00e4hlter Unterrichtssequenzen<\/em><\/span> erstellt. Alle Unterlagen sind unter der folgenden Lizenz ver\u00f6ffentlicht:<\/p>\n<p><em><a href=\"https:\/\/learninglab.tugraz.at\/informatischegrundbildung\/wp-content\/uploads\/2018\/07\/by.png\"><img loading=\"lazy\" decoding=\"async\" class=\"alignnone wp-image-744\" src=\"https:\/\/learninglab.tugraz.at\/informatischegrundbildung\/wp-content\/uploads\/2018\/07\/by-300x105.png\" alt=\"\" width=\"161\" height=\"50\" \/><\/a><br \/>\nDas folgende Material steht unter der Creative-Commons-Lizenz Namensnennung 4.0 International. Um eine Kopie dieser Lizenz zu sehen, besuchen Sie <a href=\"https:\/\/creativecommons.org\/licenses\/by\/4.0\/\" target=\"_blank\" rel=\"noopener\">https:\/\/creativecommons.org\/licenses\/by\/4.0\/<\/a><\/em><\/p>\n<p><strong>Der Arduino im Physikunterricht<\/strong>: <a href=\"https:\/\/learninglab.tugraz.at\/informatischegrundbildung\/wp-content\/uploads\/2018\/07\/cheat.pdf\" target=\"_blank\" rel=\"noopener\">Cheat-Sheet<\/a><\/p>\n<p><strong>Stationenbetrieb<\/strong>:<br \/>\nAngabe Station 1: \u00a0<a href=\"https:\/\/learninglab.tugraz.at\/informatischegrundbildung\/wp-content\/uploads\/2018\/07\/StationBeschl1.pdf\" target=\"_blank\" rel=\"noopener\">Vergleich: Smartphone &#8211; Arduino Teil 1\u00a0(Smartphone)<\/a><br \/>\nAngabe Station 2:\u00a0<a href=\"https:\/\/learninglab.tugraz.at\/informatischegrundbildung\/wp-content\/uploads\/2018\/07\/StationBeschl2.pdf\" target=\"_blank\" rel=\"noopener\">Vergleich: Smartphone &#8211; Arduino Teil 2\u00a0(Messbereich Arduino)<\/a><br \/>\nAngabe Station 3:\u00a0<a href=\"https:\/\/learninglab.tugraz.at\/informatischegrundbildung\/wp-content\/uploads\/2018\/07\/StationBeschl3.pdf\" target=\"_blank\" rel=\"noopener\">ESP Teil 1 (Schleudern berechnen)<\/a><br \/>\nAngabe Station 4:\u00a0<a href=\"https:\/\/learninglab.tugraz.at\/informatischegrundbildung\/wp-content\/uploads\/2018\/07\/StationBeschl4.pdf\" target=\"_blank\" rel=\"noopener\">Beschleunigung beim Springen<\/a><br \/>\nAngabe Station 5:\u00a0<a href=\"https:\/\/learninglab.tugraz.at\/informatischegrundbildung\/wp-content\/uploads\/2018\/07\/StationBeschl5.pdf\" target=\"_blank\" rel=\"noopener\">Freier Fall<\/a><br \/>\nAngabe Station 6:\u00a0<a href=\"https:\/\/learninglab.tugraz.at\/informatischegrundbildung\/wp-content\/uploads\/2018\/07\/StationBeschl6.pdf\" target=\"_blank\" rel=\"noopener\">ESP Teil 2 (Reibungskoefizient)<\/a><br \/>\nAngabe Station 7:\u00a0<a href=\"https:\/\/learninglab.tugraz.at\/informatischegrundbildung\/wp-content\/uploads\/2018\/07\/StationBeschl7.pdf\" target=\"_blank\" rel=\"noopener\">Organisatorisches<\/a><br \/>\nAngabe Station 8:\u00a0<a href=\"https:\/\/learninglab.tugraz.at\/informatischegrundbildung\/wp-content\/uploads\/2018\/07\/StationBeschl8.pdf\" target=\"_blank\" rel=\"noopener\">Leerlaufstation<\/a><\/p>\n<p>&nbsp;<\/p>\n<p>&nbsp;<\/p>\n<p>&nbsp;<\/p>\n","protected":false},"excerpt":{"rendered":"<p>Vorliegend eine Unterrichtssequenz zum Erlernen der Kompetenzen rund um das Thema Beschleunigung mithilfe von Arduinos.\u00a0 Diese wurde an einer Klasse in der 10. Schulstufe\u00a0einer AHS durchgef\u00fchrt und hinsichtlich der vermittelten Kompetenzen aus den beiden F\u00e4chern Physik und Informatik analysiert und der Lernzuwachs ermittelt. Dabei zeigte sich, dass die Sch\u00fclerinnen und Sch\u00fcler durch das Absolvieren der &hellip; <a href=\"https:\/\/learninglab.tugraz.at\/informatischegrundbildung\/der-arduino-im-physikunterricht\/\" class=\"more-link\"><span class=\"screen-reader-text\">\u201eDer Arduino\u00a9 im Physikunterricht\u201c<\/span> weiterlesen<\/a><\/p>\n","protected":false},"author":1,"featured_media":0,"parent":0,"menu_order":0,"comment_status":"closed","ping_status":"closed","template":"","meta":{"footnotes":""},"class_list":["post-739","page","type-page","status-publish","hentry"],"_links":{"self":[{"href":"https:\/\/learninglab.tugraz.at\/informatischegrundbildung\/wp-json\/wp\/v2\/pages\/739","targetHints":{"allow":["GET"]}}],"collection":[{"href":"https:\/\/learninglab.tugraz.at\/informatischegrundbildung\/wp-json\/wp\/v2\/pages"}],"about":[{"href":"https:\/\/learninglab.tugraz.at\/informatischegrundbildung\/wp-json\/wp\/v2\/types\/page"}],"author":[{"embeddable":true,"href":"https:\/\/learninglab.tugraz.at\/informatischegrundbildung\/wp-json\/wp\/v2\/users\/1"}],"replies":[{"embeddable":true,"href":"https:\/\/learninglab.tugraz.at\/informatischegrundbildung\/wp-json\/wp\/v2\/comments?post=739"}],"version-history":[{"count":14,"href":"https:\/\/learninglab.tugraz.at\/informatischegrundbildung\/wp-json\/wp\/v2\/pages\/739\/revisions"}],"predecessor-version":[{"id":764,"href":"https:\/\/learninglab.tugraz.at\/informatischegrundbildung\/wp-json\/wp\/v2\/pages\/739\/revisions\/764"}],"wp:attachment":[{"href":"https:\/\/learninglab.tugraz.at\/informatischegrundbildung\/wp-json\/wp\/v2\/media?parent=739"}],"curies":[{"name":"wp","href":"https:\/\/api.w.org\/{rel}","templated":true}]}}